{"id":167,"date":"2022-04-26T08:57:34","date_gmt":"2022-04-26T08:57:34","guid":{"rendered":"https:\/\/www.auvepharma.com\/?page_id=167"},"modified":"2022-04-26T08:59:47","modified_gmt":"2022-04-26T08:59:47","slug":"politica-privacidad","status":"publish","type":"page","link":"https:\/\/www.auvepharma.com\/en\/politica-privacidad\/","title":{"rendered":"Privacy Policy"},"content":{"rendered":"<p>[et_pb_section fb_built=\u00bb1&#8243; theme_builder_area=\u00bbpost_content\u00bb _builder_version=\u00bb4.17.1&#8243; _module_preset=\u00bbdefault\u00bb][et_pb_row _builder_version=\u00bb4.17.1&#8243; _module_preset=\u00bbdefault\u00bb theme_builder_area=\u00bbpost_content\u00bb][et_pb_column _builder_version=\u00bb4.17.1&#8243; _module_preset=\u00bbdefault\u00bb type=\u00bb4_4&#8243; theme_builder_area=\u00bbpost_content\u00bb][et_pb_text _builder_version=\u00bb4.17.1&#8243; _module_preset=\u00bbdefault\u00bb theme_builder_area=\u00bbpost_content\u00bb hover_enabled=\u00bb0&#8243; sticky_enabled=\u00bb0&#8243;]<\/p>\n<p style=\"text-align: center;\"><strong><u>POL\u00cdTICA DE PRIVACIDAD GENERAL<\/u><\/strong><\/p>\n<ol>\n<li><strong>Informaci\u00f3n al usuario<\/strong><\/li>\n<\/ol>\n<p><strong>AuvePharma S.L. <\/strong>es el responsable del tratamiento de los datos personales del Usuario y le informa que estos datos ser\u00e1n tratados de conformidad con lo dispuesto en el Reglamento (UE) 2016\/679 de 27 de abril de 2016 (RGPD)\u00a0 relativo a la protecci\u00f3n de las personas f\u00edsicas y en la Ley Org\u00e1nica 3\/2018, de 5 de diciembre (LOPDGDD),\u00a0\u00a0 en lo que respecta al tratamiento de datos personales y a la libre circulaci\u00f3n de estos datos, por lo que se le facilita la siguiente informaci\u00f3n del tratamiento:<\/p>\n<ul>\n<li><strong>Fin del tratamiento<\/strong>:<\/li>\n<\/ul>\n<ul>\n<li>Dar respuesta a las distintas consultas que nos puedan formular.<\/li>\n<li>Tramitar encargos, solicitudes o cualquier tipo de petici\u00f3n que sea realizada por el usuario a trav\u00e9s de cualquiera de las formas de contacto que se ponen a su disposici\u00f3n.<\/li>\n<li>Respecto a la publicaci\u00f3n de datos personales en blogs y redes sociales que puede compartir esta web, se podr\u00e1n tratar los datos personales con la idea de contestar comentarios y mejorar nuestros servicios. La pol\u00edtica de privacidad es la marcada por las entidades responsables de esos sitios. No nos hacemos responsables de la informaci\u00f3n personal que cada usuario pueda publicar.<\/li>\n<\/ul>\n<ul>\n<li><strong>Criterios de conservaci\u00f3n de los datos<\/strong>: se conservar\u00e1n mientras exista un inter\u00e9s mutuo para mantener el fin del tratamiento y cuando ya no sea necesario para tal fin, se suprimir\u00e1n con medidas de seguridad adecuadas para garantizar la seudonimizaci\u00f3n de los datos.<\/li>\n<\/ul>\n<ul>\n<li><strong>Comunicaci\u00f3n de los datos:<\/strong><span>\u00a0<\/span>\u00a0tendr\u00e1n acceso los desarrolladores webs y la empresa que nos da alojamiento en sus servidores. Todas ellas tienen regularizado con nosotros el acceso a esos datos para el fin exclusivamente aqu\u00ed descrito. No se van a destinar a ning\u00fan otro tercero para su tratamiento, salvo obligaciones legales.<\/li>\n<li><strong>Legitimaci\u00f3n<\/strong>: est\u00e1 basado en el consentimiento que se le solicita a trav\u00e9s de la correspondiente casilla de aceptaci\u00f3n.<\/li>\n<li><strong>Derechos que asisten al Usuario<\/strong>:<\/li>\n<\/ul>\n<ul>\n<li><strong>Derecho a retirar el consentimiento en cualquier momento. Derecho a oponerse y a la portabilidad de los datos personales<\/strong>. Se establece como derecho del interesado a recibir todos aquellos datos personales que le incumban y que haya facilitado a un responsable, siempre y cuando el tratamiento este basado en el consentimiento o sea necesario para la ejecuci\u00f3n de un contrato y el mismo se efectu\u00e9 por medios automatizados.<\/li>\n<li><strong>Derecho de acceso:<\/strong><span>\u00a0<\/span>El interesado tendr\u00e1 derecho a solicitar y obtener gratuitamente la informaci\u00f3n de sus datos de car\u00e1cter personal sometidos a tratamiento, el origen de dichos datos, as\u00ed como, las comunicaciones realizadas o que se prev\u00e9n hacer de los mismos. Cuando el interesado presente la solicitud por medios electr\u00f3nicos, y a menos que este solicite que se facilite de otro modo, la informaci\u00f3n se facilitar\u00e1 en un formato electr\u00f3nico de uso com\u00fan. El derecho a obtener copia no afectar\u00e1 negativamente a los derechos y libertades de otros.<\/li>\n<li><strong>Derecho de rectificaci\u00f3n y supresi\u00f3n:<\/strong><span>\u00a0<\/span>el responsable del tratamiento tendr\u00e1 la obligaci\u00f3n de hacer efectivo el derecho de rectificaci\u00f3n o supresi\u00f3n del interesado en el plazo de diez d\u00edas. Ser\u00e1n rectificados o suprimidos en su caso, los datos de car\u00e1cter personal cuyo tratamiento no se ajuste a lo dispuesto en la ley y en particular, cuando tales datos resulten inexactos e incompletos, tendr\u00e1 derecho a obtener sin dilaci\u00f3n indebida, la rectificaci\u00f3n de los datos personales inexactos que le conciernan. El interesado tendr\u00e1 derecho a que se completen los datos personales que sean incompletos, inclusive mediante una declaraci\u00f3n adicional.<\/li>\n<li><strong>Derecho a la limitaci\u00f3n del tratamiento:<\/strong><span>\u00a0<\/span>el interesado tendr\u00e1 derecho a obtener del responsable del tratamiento la limitaci\u00f3n del tratamiento de los datos. Cuando el tratamiento de datos personales se haya limitado, solo podr\u00e1n ser objeto de tratamiento para su conservaci\u00f3n, con el consentimiento del interesado, para la formulaci\u00f3n, el ejercicio o la defensa de reclamaciones, con miras a la protecci\u00f3n de los derechos de otra persona f\u00edsica o jur\u00eddica o por razones de inter\u00e9s p\u00fablico. Todo interesado que haya obtenido la limitaci\u00f3n del tratamiento ser\u00e1 informado por el responsable antes del levantamiento de dicha limitaci\u00f3n.<\/li>\n<li><strong>Derecho de oposici\u00f3n<\/strong>: el interesado tendr\u00e1 derecho a oponerse en cualquier momento, por motivos relacionados con su situaci\u00f3n particular, a que datos personales que le conciernan (inter\u00e9s p\u00fablico e inter\u00e9s leg\u00edtimo) sean objeto de tratamiento, incluida la elaboraci\u00f3n de perfiles sobre la base de dichas disposiciones. El responsable dejar\u00e1 de tratar los datos personales, salvo que acredite motivos leg\u00edtimos imperiosos para el tratamiento que prevalezcan sobre los intereses, los derechos y las libertades del interesado, o para la formulaci\u00f3n, el ejercicio o la defensa de reclamaciones.<\/li>\n<li>Derecho a presentar una reclamaci\u00f3n ante la Autoridad de control si no ha obtenido satisfacci\u00f3n en el ejercicio de sus derechos, en este caso, ante la Agencia Espa\u00f1ola de protecci\u00f3n de datos\u00a0<span>\u00a0<\/span><a href=\"http:\/\/www.aepd.es\/\">http:\/\/www.aepd.es<\/a><\/li>\n<li><strong>Datos de contacto para ejercer sus derechos:<\/strong><\/li>\n<li>Direcci\u00f3n postal: Cmno de las Ca\u00f1as, N\u00ba 1 , 18199 C\u00e1jar (Granada)<\/li>\n<li>Direcci\u00f3n electr\u00f3nica:<span>\u00a0<\/span><a href=\"mailto:antonio.vicente@auvepharma.com\">antonio.vicente@auvepharma.com<\/a><\/li>\n<\/ul>\n<ol start=\"2\">\n<li><strong>CAR\u00c1CTER OBLIGATORIO O FACULTATIVO DE LA INFORMACI\u00d3N FACILITADA POR EL USUARIO<\/strong><\/li>\n<\/ol>\n<p>Los Usuarios, mediante la marcaci\u00f3n de las casillas correspondientes y entrada de datos en los campos, del formulario de contacto o presentados en formularios de descarga, aceptan expresamente y de forma libre e inequ\u00edvoca, que sus datos son necesarios para atender su petici\u00f3n, por parte del prestador, siendo voluntaria la inclusi\u00f3n de datos en los campos restantes.<\/p>\n<p>El Usuario garantiza que los datos personales facilitados al responsable son veraces y se hace responsable de comunicar cualquier modificaci\u00f3n de los mismos.<\/p>\n<p>El responsable informa y garantiza expresamente a los usuarios que sus datos personales no ser\u00e1n cedidos en ning\u00fan caso a terceros, y que siempre que realizar\u00e1 alg\u00fan tipo de cesi\u00f3n de datos personales, se pedir\u00e1 previamente el consentimiento expreso, informado e inequ\u00edvoco por parte los Usuarios.<\/p>\n<p>Todos los datos solicitados a trav\u00e9s del sitio web son obligatorios, ya que son necesarios para la prestaci\u00f3n de un servicio \u00f3ptimo al Usuario.<\/p>\n<p>En caso de que no sean facilitados todos los datos, no se garantiza que la informaci\u00f3n y servicios facilitados sean completamente ajustados a sus necesidades.<\/p>\n<p><strong><u>Pol\u00edtica de privacidad para el formulario de contacto<\/u><\/strong><\/p>\n<p><strong>AuvePharma S.L. <\/strong>es el responsable del tratamiento de los datos personales del Usuario, por lo que se le facilita la siguiente informaci\u00f3n del tratamiento:<\/p>\n<ul>\n<li>Fin del tratamiento:\u00a0dar respuesta a las distintas consultas que nos puedan formular.<\/li>\n<\/ul>\n<ul>\n<li>Legitimaci\u00f3n: est\u00e1 basada en el consentimiento que se le solicita a trav\u00e9s de la correspondiente casilla de aceptaci\u00f3n.<\/li>\n<li>Criterios de conservaci\u00f3n de los datos: se conservar\u00e1n mientras exista un inter\u00e9s mutuo para mantener el fin del tratamiento y cuando ya no sea necesario para tal fin, se suprimir\u00e1n con medidas de seguridad adecuadas.<\/li>\n<li>Destinatarios: no se ceder\u00e1n a ning\u00fan tercero.<\/li>\n<li>Derechos que asisten al Usuario:<\/li>\n<\/ul>\n<ol>\n<li>a) Derecho a retirar el consentimiento en cualquier momento. Derecho a oponerse y a la portabilidad de los datos personales. Derecho de acceso, rectificaci\u00f3n y supresi\u00f3n de sus datos y a la limitaci\u00f3n u oposici\u00f3n al su tratamiento.<\/li>\n<li>b) Derecho a presentar una reclamaci\u00f3n ante la Autoridad de control si no ha obtenido satisfacci\u00f3n en el ejercicio de sus derechos, en este caso, ante la Agencia Espa\u00f1ola de protecci\u00f3n de datos<\/li>\n<\/ol>\n<p>Puede ejercer estos derechos mediante el env\u00edo de un correo electr\u00f3nico o de correo postal, ambos con la fotocopia del DNI del titular, incorporada o anexada:<\/p>\n<ul>\n<li>Direcci\u00f3n postal: Cmno de las Ca\u00f1as, N\u00ba 1 , 18199 C\u00e1jar (Granada)<\/li>\n<li>Direcci\u00f3n electr\u00f3nica:<span>\u00a0<\/span><a href=\"mailto:antonio.vicente@auvepharma.com\">antonio.vicente@auvepharma.com<\/a><strong>\u00a0<\/strong><\/li>\n<\/ul>\n<p><strong>POLITICA DE COOKIES<\/strong><\/p>\n<p>Este aviso hay que incluirlo en una pesta\u00f1a diferente e independiente en la web y que se vea en todas las ventanas, tal y como aparece en la actualidad.<\/p>\n<p><strong>Primera capa (informaci\u00f3n al abrirse la web)<\/strong><br \/>Lo primero que hay hacer es informar mediante una primera capa en la web.\u00a0 La informaci\u00f3n que se debe incluir es la siguiente atendiendo a las cookies propias y de terceros\u00a0 y al\u00a0 tipo de cookies\u00a0(si es el caso):<\/p>\n<table>\n<tbody>\n<tr>\n<td>\n<table width=\"100%\">\n<tbody>\n<tr>\n<td><em>En<span>\u00a0<\/span><strong>AuvePharma S.L.<\/strong>u<\/em>tilizamos<span>\u00a0<\/span><em>cookies propias y de terceros<\/em>\u00a0que permiten al usuario la navegaci\u00f3n a trav\u00e9s de una p\u00e1gina web<span>\u00a0<\/span><strong>(t\u00e9cnicas)<\/strong>, para el seguimiento y an\u00e1lisis estad\u00edstico del comportamiento de los usuarios<span>\u00a0<\/span><em><strong>(anal\u00edticas)<\/strong><\/em>,\u00a0 que permiten la gesti\u00f3n de los espacios publicitarios que, en su caso, el editor haya incluido en una p\u00e1gina web<span>\u00a0<\/span><strong>(publicitarias)<\/strong><span>\u00a0<\/span>y\u00a0 cookies\u00a0 que almacenan informaci\u00f3n del comportamiento de los usuarios obtenida a trav\u00e9s de la observaci\u00f3n continuada de sus h\u00e1bitos de navegaci\u00f3n, lo que permite desarrollar un perfil espec\u00edfico para mostrar publicidad en funci\u00f3n del mismo elaboraci\u00f3n de perfiles<span>\u00a0<\/span><em><strong>(an\u00e1lisis de perfiles)<\/strong><\/em><em>(si hubiera otras finalidades deber\u00eda incluirse la informaci\u00f3n)<\/em>. Si acepta este aviso consideraremos que acepta su uso. Puede obtener m\u00e1s informaci\u00f3n, o bien conocer c\u00f3mo cambiar la configuraci\u00f3n, en nuestra\u00a0<a href=\"https:\/\/www.............es\/politica-de-cookies\/\">Pol\u00edtica de cookies<\/a>.\u00a0<span>\u00a0<\/span><strong>ACEPTO \/ NO ACEPTO<\/strong><span>\u00a0<\/span>\/<span>\u00a0<\/span><strong>CONFIGURACI\u00d3N<\/strong><span>\u00a0<\/span>(ejemplo de configuraci\u00f3n)<\/td>\n<\/tr>\n<\/tbody>\n<\/table>\n<\/td>\n<\/tr>\n<\/tbody>\n<\/table>\n<table>\n<tbody>\n<tr>\n<td><\/td>\n<\/tr>\n<tr>\n<td><\/td>\n<td><\/td>\n<\/tr>\n<\/tbody>\n<\/table>\n<p>&nbsp;<\/p>\n<table width=\"599\">\n<tbody>\n<tr>\n<td width=\"97\"><em>T\u00e9cnicas o Necesarias<\/em><\/td>\n<td width=\"94\"><em>Anal\u00edticas o estad\u00edsticas<\/em><\/td>\n<td width=\"103\"><em>Marketing o publicitarias<\/em><\/td>\n<td width=\"103\"><em>An\u00e1lisis de perfiles<\/em><\/td>\n<td width=\"203\"><strong>CONFIGURACI\u00d3N<span>\u00a0<\/span><\/strong>este \u00a0\u00a0bot\u00f3n podr\u00eda ser tambi\u00e9n un enlace dentro del texto de la primera capa, que permitir\u00eda acceder a un panel de configuraci\u00f3n en el que el usuario podr\u00eda optar entre habilitar o no las<span>\u00a0<\/span><em>cookies<span>\u00a0<\/span><\/em>de forma granular.<\/td>\n<\/tr>\n<\/tbody>\n<\/table>\n<p><em>No se pueden descargar las cookies (salvo las necesarias) hasta que se aceptan de forma expresa o se configuran. En caso de no aceptarlas, o bien, configur\u00e1ndolas, no se podr\u00e1n descargar salvo las que se configuren de forma expresa para descargar.<\/em><br \/><em>La configuraci\u00f3n podr\u00eda ser, mediante la inclusi\u00f3n de un bot\u00f3n que tuviese\u00a0un enlace dentro del texto de la primera capa, que permitir\u00eda acceder a un panel de configuraci\u00f3n en el que el usuario podr\u00eda optar entre habilitar o no las cookies de forma granular.<\/em><br \/><em>Al clicar en la pol\u00edtica de cookies se nos abrir\u00e1 una ventana que hemos creado expresamente para incluir el texto que a continuaci\u00f3n se aporta.<\/em><\/p>\n<p><strong>Texto a incluir en una pesta\u00f1a exclusiva<\/strong><\/p>\n<p><strong>Pol\u00edtica de cookies<\/strong><\/p>\n<p>a) Definici\u00f3n<\/p>\n<p>Una cookie es un fichero que se descarga en su ordenador\/smartphone\/tablet al acceder a determinadas p\u00e1ginas web. Las cookies permiten a una p\u00e1gina web, entre otras cosas, almacenar y recuperar informaci\u00f3n sobre los h\u00e1bitos de navegaci\u00f3n de un usuario o de su equipo y, dependiendo de la informaci\u00f3n que contengan y de la forma en que utilice su equipo, pueden utilizarse para reconocer al usuario.<br \/>Una de las clasificaciones que se puede hacer de las cookies es sobre la finalidad a la que se destinan, as\u00ed tenemos varios tipos:<br \/><em>Cookies<span>\u00a0<\/span><\/em>t\u00e9cnicas: Son aqu\u00e9llas que permiten al usuario la navegaci\u00f3n a trav\u00e9s de una p\u00e1gina web, plataforma o aplicaci\u00f3n y la utilizaci\u00f3n de las diferentes opciones o servicios que en ella existan como, por ejemplo, controlar el tr\u00e1fico y la comunicaci\u00f3n de datos, identificar la sesi\u00f3n, acceder a partes de acceso restringido, recordar los elementos que integran un pedido, realizar el proceso de compra de un pedido, realizar la solicitud de inscripci\u00f3n o participaci\u00f3n en un evento, utilizar elementos de seguridad durante la navegaci\u00f3n, almacenar contenidos para la difusi\u00f3n de videos o sonido o compartir contenidos a trav\u00e9s de redes sociales.<br \/><em>\u2013 Cookies<span>\u00a0<\/span><\/em>de personalizaci\u00f3n: Son aqu\u00e9llas que permiten al usuario acceder al servicio con algunas caracter\u00edsticas de car\u00e1cter general predefinidas en funci\u00f3n de una serie de criterios en el terminal del usuario como por ejemplo serian el idioma, el tipo de navegador a trav\u00e9s del cual accede al servicio, la configuraci\u00f3n regional desde donde accede al servicio, etc.<\/p>\n<p><em>\u2013 Cookies<span>\u00a0<\/span><\/em>de an\u00e1lisis: Son aqu\u00e9llas que permiten al responsable de las mismas, el seguimiento y an\u00e1lisis del comportamiento de los usuarios de los sitios web a los que est\u00e1n vinculadas. La informaci\u00f3n recogida mediante este tipo de cookies se utiliza en la medici\u00f3n de la actividad de los sitios web, aplicaci\u00f3n o plataforma y para la elaboraci\u00f3n de perfiles de navegaci\u00f3n de los usuarios de dichos sitios, aplicaciones y plataformas, con el fin de introducir mejoras en funci\u00f3n del an\u00e1lisis de los datos de uso que hacen los usuarios del servicio.<\/p>\n<p><em>\u2013 Cookies<span>\u00a0<\/span><\/em>publicitarias: Son aqu\u00e9llas que permiten la gesti\u00f3n, de la forma m\u00e1s eficaz posible, de los espacios publicitarios que, en su caso, el editor haya incluido en una p\u00e1gina web, aplicaci\u00f3n o plataforma desde la que presta el servicio solicitado en base a criterios como el contenido editado o la frecuencia en la que se muestran los anuncios.<\/p>\n<p><em>\u2013 Cookies de<span>\u00a0<\/span><\/em>publicidad comportamental: Son aqu\u00e9llas que permiten la gesti\u00f3n, de la forma m\u00e1s eficaz posible, de los espacios publicitarios que, en su caso, el editor haya incluido en una p\u00e1gina web, aplicaci\u00f3n o plataforma desde la que presta el servicio solicitado. Estas cookies almacenan informaci\u00f3n del comportamiento de los usuarios obtenida a trav\u00e9s de la observaci\u00f3n continuada de sus h\u00e1bitos de navegaci\u00f3n, lo que permite desarrollar un perfil espec\u00edfico para mostrar publicidad en funci\u00f3n del mismo.<\/p>\n<p>b) Configuraci\u00f3n en mi equipo.<br \/><em>Aclaraci\u00f3n: en este punto tenemos que permitir al usuario que vuelva a configurar las cookies, para ello, volveremos a mostrarle la configuraci\u00f3n con la aparici\u00f3n de la ventana emergente de \u201cconfiguraci\u00f3n\u201d. Para ello, se puede crear un hiperenlace en la opci\u00f3n de cambiar su consentimiento o retirarlo.<\/em><br \/><em>Una vez configurado en la ventana emergente, debe de salir una de estas opciones, y seg\u00fan la que salga, tenemos que permitir cambiarla.<\/em><\/p>\n<p>Su estado actual: Permitir todas las cookies\u00a0(Necesario, Preferencias, Estad\u00edstica, Marketing).<br \/>Cambiar su consentimiento\u00a0\u00a0|\u00a0\u00a0Retirar su consentimiento<br \/>Su estado actual: Solo usar cookies necesarias.<br \/>Cambiar su consentimiento<\/p>\n<p><strong>c) Tipos de cookies en esta web<\/strong>(<strong>la tabla que se incluye es meramente ejemplificativa, no contiene las cookies de esta web)*.<\/strong><br \/><strong>Ejemplo:<\/strong><\/p>\n<table>\n<tbody>\n<tr>\n<td width=\"104\"><strong>Propia\/Tercero<\/strong><\/td>\n<td width=\"100\"><strong>Finalidad<\/strong><\/td>\n<td width=\"100\"><strong>Nombre de la cookie<\/strong><\/td>\n<td width=\"150\"><strong>Descripci\u00f3n de la finalidad<\/strong><\/td>\n<td width=\"113\"><strong>Caducidad<\/strong><\/td>\n<\/tr>\n<tr>\n<td width=\"104\">Propia<\/td>\n<td width=\"100\">T\u00e9cnica<\/td>\n<td width=\"100\">-sdpadad<\/td>\n<td width=\"150\">-Identifica al usuario y permite la autenticaci\u00f3n con el servidor<\/td>\n<td width=\"113\">-Permanente<\/td>\n<\/tr>\n<tr>\n<td width=\"104\">Google (tercero)<\/td>\n<td width=\"100\">Anal\u00edtica<\/td>\n<td width=\"100\">-utma<br \/>-utmb<\/td>\n<td width=\"150\">-Tiempo de navegaci\u00f3n, sitio web visitado e informaci\u00f3n relacionada con la propia navegaci\u00f3n.<\/td>\n<td width=\"113\">-3 meses<\/td>\n<\/tr>\n<\/tbody>\n<\/table>\n<p><em>* Primera o tercera parte quiere decir si las cookies son propias, creadas por nosotros o (primera) o bien las hemos cogido de terceros editores como Google (tercera). (quitar esta aclaraci\u00f3n al poner el informe en la web)<\/em><\/p>\n<p><strong>d) \u00bfC\u00f3mo puedo desactivar o eliminar estas cookies en los navegadores?<\/strong><\/p>\n<p>Al clicar en alg\u00fan enlace de esta<span>\u00a0<\/span><em>web<\/em><span>\u00a0<\/span>se pueden instalar cookies. Una vez abandone esta p\u00e1gina, revise la pol\u00edtica de cookies de esos sitios.<\/p>\n<p>El usuario podr\u00e1 -en cualquier momento- elegir qu\u00e9 cookies quiere que funcionen en este sitio web mediante:<\/p>\n<ul>\n<li>la configuraci\u00f3n del\u00a0<strong>navegador<\/strong>; por ejemplo:\n<ul>\n<li><strong>Chrome<\/strong>, desde\u00a0<a href=\"http:\/\/support.google.com\/chrome\/bin\/answer.py?hl=es&amp;answer=95647\">http:\/\/support.google.com\/chrome\/bin\/answer.py?hl=es&amp;answer=95647<\/a><\/li>\n<li><strong>Explorer<\/strong>, desde\u00a0<a href=\"http:\/\/windows.microsoft.com\/es-es\/windows7\/how-to-manage-cookies-in-internet-explorer-9\">http:\/\/windows.microsoft.com\/es-es\/windows7\/how-to-manage-cookies-in-internet-explorer-9<\/a><\/li>\n<li><strong>Firefox<\/strong>, desde\u00a0<a href=\"http:\/\/support.mozilla.org\/es\/kb\/habilitar-y-deshabilitar-cookies-que-los-sitios-we\">http:\/\/support.mozilla.org\/es\/kb\/habilitar-y-deshabilitar-cookies-que-los-sitios-we<\/a><\/li>\n<li><strong>Safari<\/strong>, desde\u00a0<a href=\"http:\/\/support.apple.com\/kb\/ph5042\">http:\/\/support.apple.com\/kb\/ph5042<\/a><\/li>\n<\/ul>\n<\/li>\n<\/ul>\n<ol>\n<li><strong>e) Qu\u00e9 ocurre si se deshabilitan las Cookies<\/strong><br \/>Algunas funcionalidades de los servicios quedar\u00e1n deshabilitados.<\/li>\n<\/ol>\n<p>[\/et_pb_text][\/et_pb_column][\/et_pb_row][\/et_pb_section]<\/p>","protected":false},"excerpt":{"rendered":"<p>POL\u00cdTICA DE PRIVACIDAD GENERAL Informaci\u00f3n al usuario AuvePharma S.L. es el responsable del tratamiento de los datos personales del Usuario y le informa que estos datos ser\u00e1n tratados de conformidad con lo dispuesto en el Reglamento (UE) 2016\/679 de 27 de abril de 2016 (RGPD)\u00a0 relativo a la protecci\u00f3n de las personas f\u00edsicas y en [&hellip;]<\/p>","protected":false},"author":1,"featured_media":0,"parent":0,"menu_order":0,"comment_status":"closed","ping_status":"closed","template":"","meta":{"_et_pb_use_builder":"on","_et_pb_old_content":"","_et_gb_content_width":"","footnotes":""},"class_list":["post-167","page","type-page","status-publish","hentry"],"_links":{"self":[{"href":"https:\/\/www.auvepharma.com\/en\/wp-json\/wp\/v2\/pages\/167","targetHints":{"allow":["GET"]}}],"collection":[{"href":"https:\/\/www.auvepharma.com\/en\/wp-json\/wp\/v2\/pages"}],"about":[{"href":"https:\/\/www.auvepharma.com\/en\/wp-json\/wp\/v2\/types\/page"}],"author":[{"embeddable":true,"href":"https:\/\/www.auvepharma.com\/en\/wp-json\/wp\/v2\/users\/1"}],"replies":[{"embeddable":true,"href":"https:\/\/www.auvepharma.com\/en\/wp-json\/wp\/v2\/comments?post=167"}],"version-history":[{"count":2,"href":"https:\/\/www.auvepharma.com\/en\/wp-json\/wp\/v2\/pages\/167\/revisions"}],"predecessor-version":[{"id":172,"href":"https:\/\/www.auvepharma.com\/en\/wp-json\/wp\/v2\/pages\/167\/revisions\/172"}],"wp:attachment":[{"href":"https:\/\/www.auvepharma.com\/en\/wp-json\/wp\/v2\/media?parent=167"}],"curies":[{"name":"wp","href":"https:\/\/api.w.org\/{rel}","templated":true}]}}