{"id":2,"date":"2022-04-21T13:31:16","date_gmt":"2022-04-21T13:31:16","guid":{"rendered":"https:\/\/www.auvepharma.com\/?page_id=2"},"modified":"2025-09-03T07:59:58","modified_gmt":"2025-09-03T07:59:58","slug":"representadas","status":"publish","type":"page","link":"https:\/\/www.auvepharma.com\/en\/representadas\/","title":{"rendered":"Represented Companies"},"content":{"rendered":"<p>[et_pb_section fb_built=\u00bb1&#8243; _builder_version=\u00bb4.17.1&#8243; _module_preset=\u00bbdefault\u00bb global_colors_info=\u00bb{}\u00bb][et_pb_row column_structure=\u00bb1_3,1_3,1_3&#8243; _builder_version=\u00bb4.17.1&#8243; _module_preset=\u00bbdefault\u00bb custom_padding=\u00bb|||78px||\u00bb global_colors_info=\u00bb{}\u00bb][et_pb_column type=\u00bb1_3&#8243; _builder_version=\u00bb4.17.1&#8243; _module_preset=\u00bbdefault\u00bb global_colors_info=\u00bb{}\u00bb][et_pb_image src=\u00bbhttps:\/\/www.auvepharma.com\/wp-content\/uploads\/2022\/04\/teg-small.png\u00bb title_text=\u00bbteg-small\u00bb url=\u00bbhttps:\/\/teg.com\/\u00bb url_new_window=\u00bbon\u00bb use_overlay=\u00bbon\u00bb overlay_icon_color=\u00bb#FFFFFF\u00bb hover_overlay_color=\u00bbrgba(0,0,0,0.66)\u00bb align=\u00bbcenter\u00bb module_class=\u00bbtext-overlay teg\u00bb _builder_version=\u00bb4.17.1&#8243; _module_preset=\u00bbdefault\u00bb global_colors_info=\u00bb{}\u00bb][\/et_pb_image][et_pb_image src=\u00bbhttps:\/\/www.auvepharma.com\/wp-content\/uploads\/2025\/09\/logo-norden-scaled.jpg\u00bb title_text=\u00bblogo norden\u00bb url=\u00bbhttps:\/\/www.nordenmachinery.com\/en\u00bb url_new_window=\u00bbon\u00bb use_overlay=\u00bbon\u00bb overlay_icon_color=\u00bb#FFFFFF\u00bb hover_overlay_color=\u00bbrgba(0,0,0,0.66)\u00bb align=\u00bbcenter\u00bb module_class=\u00bbtext-overlay norden\u00bb _builder_version=\u00bb4.27.4&#8243; _module_preset=\u00bbdefault\u00bb hover_enabled=\u00bb0&#8243; global_colors_info=\u00bb{}\u00bb sticky_enabled=\u00bb0&#8243;][\/et_pb_image][\/et_pb_column][et_pb_column type=\u00bb1_3&#8243; _builder_version=\u00bb4.17.1&#8243; _module_preset=\u00bbdefault\u00bb global_colors_info=\u00bb{}\u00bb][et_pb_image src=\u00bbhttps:\/\/www.auvepharma.com\/wp-content\/uploads\/2024\/11\/logo-mr-mechanial-solvotion.jpg\u00bb title_text=\u00bblogo mr mechanial solvotion\u00bb url=\u00bbhttps:\/\/mrtechnicalsolution.com\/\u00bb url_new_window=\u00bbon\u00bb use_overlay=\u00bbon\u00bb hover_overlay_color=\u00bbrgba(0,0,0,0.66)\u00bb align=\u00bbcenter\u00bb module_class=\u00bbtext-overlay mr\u00bb _builder_version=\u00bb4.17.1&#8243; _module_preset=\u00bbdefault\u00bb global_colors_info=\u00bb{}\u00bb][\/et_pb_image][et_pb_image src=\u00bbhttps:\/\/www.auvepharma.com\/wp-content\/uploads\/2022\/07\/Glatt_rot_schwarz_positiv_4C_A1hoch_80mm_print.png\u00bb title_text=\u00bbGlatt_rot_schwarz_positiv_4C_A1hoch_80mm_print\u00bb url=\u00bbhttps:\/\/foodfeedfinechemicals.glatt.com\/\u00bb url_new_window=\u00bbon\u00bb use_overlay=\u00bbon\u00bb hover_overlay_color=\u00bbrgba(0,0,0,0.66)\u00bb align=\u00bbcenter\u00bb module_class=\u00bbtext-overlay glatt\u00bb _builder_version=\u00bb4.17.1&#8243; _module_preset=\u00bbdefault\u00bb global_colors_info=\u00bb{}\u00bb][\/et_pb_image][\/et_pb_column][et_pb_column type=\u00bb1_3&#8243; _builder_version=\u00bb4.17.1&#8243; _module_preset=\u00bbdefault\u00bb global_colors_info=\u00bb{}\u00bb][et_pb_image src=\u00bbhttps:\/\/www.auvepharma.com\/wp-content\/uploads\/2023\/02\/00036_Z_16897_00000_Logo_Motus_PNG.png\u00bb alt=\u00bbSistemas de carga y descarga\u00bb title_text=\u00bb00036_Z_16897_00000_Logo_Motus_PNG\u00bb url=\u00bbhttps:\/\/www.motus-engineering.de\/\u00bb url_new_window=\u00bbon\u00bb use_overlay=\u00bbon\u00bb hover_overlay_color=\u00bbrgba(0,0,0,0.66)\u00bb align=\u00bbcenter\u00bb module_class=\u00bbtext-overlay motus\u00bb _builder_version=\u00bb4.17.1&#8243; _module_preset=\u00bbdefault\u00bb global_colors_info=\u00bb{}\u00bb][\/et_pb_image][\/et_pb_column][\/et_pb_row][et_pb_row column_structure=\u00bb1_3,1_3,1_3&#8243; _builder_version=\u00bb4.17.1&#8243; _module_preset=\u00bbdefault\u00bb custom_padding=\u00bb|||78px||\u00bb global_colors_info=\u00bb{}\u00bb][et_pb_column type=\u00bb1_3&#8243; _builder_version=\u00bb4.17.1&#8243; _module_preset=\u00bbdefault\u00bb global_colors_info=\u00bb{}\u00bb][\/et_pb_column][et_pb_column type=\u00bb1_3&#8243; _builder_version=\u00bb4.17.1&#8243; _module_preset=\u00bbdefault\u00bb global_colors_info=\u00bb{}\u00bb][\/et_pb_column][et_pb_column type=\u00bb1_3&#8243; _builder_version=\u00bb4.17.1&#8243; _module_preset=\u00bbdefault\u00bb global_colors_info=\u00bb{}\u00bb][\/et_pb_column][\/et_pb_row][et_pb_row column_structure=\u00bb1_3,1_3,1_3&#8243; _builder_version=\u00bb4.17.1&#8243; _module_preset=\u00bbdefault\u00bb custom_padding=\u00bb|||78px||\u00bb animation_style=\u00bbslide\u00bb global_colors_info=\u00bb{}\u00bb][et_pb_column type=\u00bb1_3&#8243; _builder_version=\u00bb4.17.1&#8243; _module_preset=\u00bbdefault\u00bb global_colors_info=\u00bb{}\u00bb][et_pb_image src=\u00bbhttps:\/\/www.auvepharma.com\/wp-content\/uploads\/2022\/04\/mecanevaslogo-1920w.png\u00bb title_text=\u00bbmecanevaslogo-1920w\u00bb url=\u00bb#\u00bb use_overlay=\u00bbon\u00bb hover_overlay_color=\u00bbrgba(0,0,0,0.66)\u00bb align=\u00bbcenter\u00bb module_class=\u00bbtext-overlay mecaenvas\u00bb _builder_version=\u00bb4.17.1&#8243; _module_preset=\u00bbdefault\u00bb global_colors_info=\u00bb{}\u00bb][\/et_pb_image][\/et_pb_column][et_pb_column type=\u00bb1_3&#8243; _builder_version=\u00bb4.17.1&#8243; _module_preset=\u00bbdefault\u00bb global_colors_info=\u00bb{}\u00bb][et_pb_image src=\u00bbhttps:\/\/www.auvepharma.com\/wp-content\/uploads\/2022\/04\/logo-2.png\u00bb title_text=\u00bblogo (2)\u00bb url=\u00bbhttps:\/\/www.enflex.es\u00bb url_new_window=\u00bbon\u00bb use_overlay=\u00bbon\u00bb hover_overlay_color=\u00bbrgba(0,0,0,0.66)\u00bb align=\u00bbcenter\u00bb module_class=\u00bbtext-overlay enflex\u00bb _builder_version=\u00bb4.17.1&#8243; _module_preset=\u00bbdefault\u00bb global_colors_info=\u00bb{}\u00bb][\/et_pb_image][\/et_pb_column][et_pb_column type=\u00bb1_3&#8243; _builder_version=\u00bb4.17.1&#8243; _module_preset=\u00bbdefault\u00bb global_colors_info=\u00bb{}\u00bb][et_pb_image src=\u00bbhttps:\/\/www.auvepharma.com\/wp-content\/uploads\/2023\/09\/Recurso-1@300x-100-scaled.jpg\u00bb title_text=\u00bbRecurso 1@300x-100&#8243; url=\u00bbhttps:\/\/www.martinchrist.de\/es\u00bb url_new_window=\u00bbon\u00bb use_overlay=\u00bbon\u00bb hover_overlay_color=\u00bbrgba(0,0,0,0.66)\u00bb align=\u00bbcenter\u00bb module_class=\u00bbtext-overlay christ\u00bb _builder_version=\u00bb4.17.1&#8243; _module_preset=\u00bbdefault\u00bb global_colors_info=\u00bb{}\u00bb][\/et_pb_image][\/et_pb_column][\/et_pb_row][\/et_pb_section]<\/p>","protected":false},"excerpt":{"rendered":"","protected":false},"author":1,"featured_media":0,"parent":0,"menu_order":0,"comment_status":"closed","ping_status":"closed","template":"","meta":{"_et_pb_use_builder":"on","_et_pb_old_content":"<!-- wp:paragraph -->\n<p>Esta es una p\u00e1gina de ejemplo. Es diferente a una entrada del blog porque permanecer\u00e1 en un solo lugar y aparecer\u00e1 en la navegaci\u00f3n de tu sitio (en la mayor\u00eda de los temas). La mayor\u00eda de las personas comienzan con una p\u00e1gina \u00abAcerca de\u00bb que les presenta a los visitantes potenciales del sitio. Podr\u00edas decir algo as\u00ed:<\/p>\n<!-- \/wp:paragraph -->\n\n<!-- wp:quote -->\n<blockquote class=\"wp-block-quote\"><p>\u00a1Bienvenido! Soy camarero de d\u00eda, aspirante a actor de noche y esta es mi web. Vivo en Mairena del Alcor, tengo un perro que se llama Firulais y me gusta el rebujito. (Y las tardes largas con caf\u00e9).<\/p><\/blockquote>\n<!-- \/wp:quote -->\n\n<!-- wp:paragraph -->\n<p>\u2026o algo as\u00ed:<\/p>\n<!-- \/wp:paragraph -->\n\n<!-- wp:quote -->\n<blockquote class=\"wp-block-quote\"><p>La empresa \u00abMariscos Recio\u00bb fue fundada por Antonio Recio Mata. Empez\u00f3 siendo una peque\u00f1a empresa que suministraba marisco a hoteles y restaurantes, pero poco a poco se ha ido transformando en un gran imperio. Mariscos Recio, el mar al mejor precio.<\/p><\/blockquote>\n<!-- \/wp:quote -->\n\n<!-- wp:paragraph -->\n<p>Como nuevo usuario de WordPress, deber\u00edas ir a <a href=\"https:\/\/www.auvepharma.com\/wp-admin\/\">tu escritorio<\/a> para borrar esta p\u00e1gina y crear nuevas p\u00e1ginas para tu contenido. \u00a1P\u00e1salo bien!<\/p>\n<!-- \/wp:paragraph -->","_et_gb_content_width":"","footnotes":""},"class_list":["post-2","page","type-page","status-publish","hentry"],"_links":{"self":[{"href":"https:\/\/www.auvepharma.com\/en\/wp-json\/wp\/v2\/pages\/2","targetHints":{"allow":["GET"]}}],"collection":[{"href":"https:\/\/www.auvepharma.com\/en\/wp-json\/wp\/v2\/pages"}],"about":[{"href":"https:\/\/www.auvepharma.com\/en\/wp-json\/wp\/v2\/types\/page"}],"author":[{"embeddable":true,"href":"https:\/\/www.auvepharma.com\/en\/wp-json\/wp\/v2\/users\/1"}],"replies":[{"embeddable":true,"href":"https:\/\/www.auvepharma.com\/en\/wp-json\/wp\/v2\/comments?post=2"}],"version-history":[{"count":45,"href":"https:\/\/www.auvepharma.com\/en\/wp-json\/wp\/v2\/pages\/2\/revisions"}],"predecessor-version":[{"id":357,"href":"https:\/\/www.auvepharma.com\/en\/wp-json\/wp\/v2\/pages\/2\/revisions\/357"}],"wp:attachment":[{"href":"https:\/\/www.auvepharma.com\/en\/wp-json\/wp\/v2\/media?parent=2"}],"curies":[{"name":"wp","href":"https:\/\/api.w.org\/{rel}","templated":true}]}}